{"id":69,"date":"2021-04-29T08:06:56","date_gmt":"2021-04-29T08:06:56","guid":{"rendered":"http:\/\/141.62.1.149\/startseite\/?page_id=69"},"modified":"2021-06-09T17:29:18","modified_gmt":"2021-06-09T17:29:18","slug":"imprint","status":"publish","type":"page","link":"https:\/\/www.visions-of-space-and-time.de\/startseite\/imprint\/","title":{"rendered":"Imprint"},"content":{"rendered":"\n<div class=\"wp-block-columns is-layout-flex wp-container-core-columns-is-layout-9d6595d7 wp-block-columns-is-layout-flex\">\n<div class=\"wp-block-column is-layout-flow wp-block-column-is-layout-flow\">\n<p>Published by Hochschule der Medien, Stuttgart 2021<\/p>\n\n\n\n<p>Nobelstra\u00dfe 10<br>70569 Stuttgart<br>Germany<\/p>\n\n\n\n<p>0711-8923-10<\/p>\n\n\n\n<p><a href=\"http:\/\/www.hdm-stuttgart.de\" data-type=\"URL\" data-id=\"www.hdm-stuttgart.de\">www.hdm-stuttgart.de<\/a><\/p>\n\n\n\n<p>Responsible for contents<br>Project leader: Prof. Dr. Dipl.-Ing. Volker Jansen<br>Website team: Alexa M\u00fcller, Amelie H\u00f6ger, Anne Neum\u00fcller, Chantal Augello, Christopher Hein, Nadine W\u00e4chter, Sarah Guira, Teoresa Tofaj<\/p>\n\n\n\n<p>\u00a9 Hochschule der Medien 2021<\/p>\n<\/div>\n<\/div>\n\n\n\n<p><\/p>\n","protected":false},"excerpt":{"rendered":"<p>Published by Hochschule der Medien, Stuttgart 2021 Nobelstra\u00dfe 1070569 StuttgartGermany 0711-8923-10 www.hdm-stuttgart.de Responsible for contentsProject leader: Prof. Dr. Dipl.-Ing. Volker JansenWebsite team: Alexa M\u00fcller, Amelie H\u00f6ger, Anne Neum\u00fcller, Chantal Augello, Christopher Hein, Nadine W\u00e4chter, Sarah Guira, Teoresa Tofaj \u00a9 Hochschule der Medien 2021<\/p>\n","protected":false},"author":3,"featured_media":1283,"parent":0,"menu_order":0,"comment_status":"closed","ping_status":"closed","template":"templates\/template-cover.php","meta":{"footnotes":""},"class_list":["post-69","page","type-page","status-publish","has-post-thumbnail","hentry"],"_links":{"self":[{"href":"https:\/\/www.visions-of-space-and-time.de\/startseite\/wp-json\/wp\/v2\/pages\/69","targetHints":{"allow":["GET"]}}],"collection":[{"href":"https:\/\/www.visions-of-space-and-time.de\/startseite\/wp-json\/wp\/v2\/pages"}],"about":[{"href":"https:\/\/www.visions-of-space-and-time.de\/startseite\/wp-json\/wp\/v2\/types\/page"}],"author":[{"embeddable":true,"href":"https:\/\/www.visions-of-space-and-time.de\/startseite\/wp-json\/wp\/v2\/users\/3"}],"replies":[{"embeddable":true,"href":"https:\/\/www.visions-of-space-and-time.de\/startseite\/wp-json\/wp\/v2\/comments?post=69"}],"version-history":[{"count":3,"href":"https:\/\/www.visions-of-space-and-time.de\/startseite\/wp-json\/wp\/v2\/pages\/69\/revisions"}],"predecessor-version":[{"id":436,"href":"https:\/\/www.visions-of-space-and-time.de\/startseite\/wp-json\/wp\/v2\/pages\/69\/revisions\/436"}],"wp:featuredmedia":[{"embeddable":true,"href":"https:\/\/www.visions-of-space-and-time.de\/startseite\/wp-json\/wp\/v2\/media\/1283"}],"wp:attachment":[{"href":"https:\/\/www.visions-of-space-and-time.de\/startseite\/wp-json\/wp\/v2\/media?parent=69"}],"curies":[{"name":"wp","href":"https:\/\/api.w.org\/{rel}","templated":true}]}}